{"id":36,"date":"2026-04-04T19:34:28","date_gmt":"2026-04-04T17:34:28","guid":{"rendered":"https:\/\/hedonalgea.fr\/?page_id=36"},"modified":"2026-04-04T21:02:28","modified_gmt":"2026-04-04T19:02:28","slug":"aux-pieds-dhedona","status":"publish","type":"page","link":"https:\/\/hedonalgea.fr\/?page_id=36","title":{"rendered":"Aux pieds d&rsquo;H\u00e9dona"},"content":{"rendered":"\n<h2 class=\"wp-block-heading\">Aux pieds d&rsquo;H\u00e9dona \u2014 Carnet de soumission<\/h2>\n\n\n\n<p>Quand j&rsquo;ai crois\u00e9 pour la premi\u00e8re fois le regard de Madame H\u00e9dona, j&rsquo;ignorais que mon existence \u00e9tait sur le point de basculer. Ce qui commen\u00e7a par un sourire \u00e9chang\u00e9 lors d\u2019un Munch est devenu, en quelques mois, une relation d\u2019une intensit\u00e9 vertigineuse : s\u00e9ances o\u00f9 le corps c\u00e8de sous les coups, messages o\u00f9 les mots br\u00fblent, silences o\u00f9 tout se dit.<\/p>\n\n\n\n<p>Aux pieds d\u2019H\u00e9dona est le r\u00e9cit de cette premi\u00e8re ann\u00e9e. \u00c9crit au lendemain de nos rendez-vous, le corps encore marqu\u00e9 et l\u2019esprit flottant, ce carnet ne cherche ni \u00e0 convaincre ni \u00e0 choquer. Il fixe sur le papier ce que la peau finit par oublier : la peur avant le premier coup, les larmes qui lib\u00e8rent, et cette \u00e9trange paix qui na\u00eet au c\u0153ur du chaos.<\/p>\n\n\n\n<p>Un journal intime o\u00f9 la douleur, le d\u00e9sir et la tendresse se confondent.<br>L\u2019histoire vraie d\u2019un homme qui, pour tutoyer les \u00e9toiles, a choisi de s\u2019agenouiller.<\/p>\n\n\n\n<hr class=\"wp-block-separator has-alpha-channel-opacity\"\/>\n\n\n\n<p><\/p>\n","protected":false},"excerpt":{"rendered":"<p>Aux pieds d&rsquo;H\u00e9dona \u2014 Carnet de soumission Quand j&rsquo;ai crois\u00e9 pour la premi\u00e8re fois le regard de Madame H\u00e9dona, j&rsquo;ignorais [&hellip;]<\/p>\n","protected":false},"author":1,"featured_media":0,"parent":0,"menu_order":0,"comment_status":"closed","ping_status":"closed","template":"","meta":{"_uag_custom_page_level_css":"","site-sidebar-layout":"default","site-content-layout":"","ast-site-content-layout":"default","site-content-style":"default","site-sidebar-style":"default","ast-global-header-display":"","ast-banner-title-visibility":"","ast-main-header-display":"","ast-hfb-above-header-display":"","ast-hfb-below-header-display":"","ast-hfb-mobile-header-display":"","site-post-title":"disabled","ast-breadcrumbs-content":"","ast-featured-img":"","footer-sml-layout":"","ast-disable-related-posts":"","theme-transparent-header-meta":"","adv-header-id-meta":"","stick-header-meta":"","header-above-stick-meta":"","header-main-stick-meta":"","header-below-stick-meta":"","astra-migrate-meta-layouts":"default","ast-page-background-enabled":"default","ast-page-background-meta":{"desktop":{"background-color":"var(--ast-global-color-5)","background-image":"","background-repeat":"repeat","background-position":"center center","background-size":"auto","background-attachment":"scroll","background-type":"","background-media":"","overlay-type":"","overlay-color":"","overlay-opacity":"","overlay-gradient":""},"tablet":{"background-color":"","background-image":"","background-repeat":"repeat","background-position":"center center","background-size":"auto","background-attachment":"scroll","background-type":"","background-media":"","overlay-type":"","overlay-color":"","overlay-opacity":"","overlay-gradient":""},"mobile":{"background-color":"","background-image":"","background-repeat":"repeat","background-position":"center center","background-size":"auto","background-attachment":"scroll","background-type":"","background-media":"","overlay-type":"","overlay-color":"","overlay-opacity":"","overlay-gradient":""}},"ast-content-background-meta":{"desktop":{"background-color":"var(--ast-global-color-4)","background-image":"","background-repeat":"repeat","background-position":"center center","background-size":"auto","background-attachment":"scroll","background-type":"","background-media":"","overlay-type":"","overlay-color":"","overlay-opacity":"","overlay-gradient":""},"tablet":{"background-color":"var(--ast-global-color-4)","background-image":"","background-repeat":"repeat","background-position":"center center","background-size":"auto","background-attachment":"scroll","background-type":"","background-media":"","overlay-type":"","overlay-color":"","overlay-opacity":"","overlay-gradient":""},"mobile":{"background-color":"var(--ast-global-color-4)","background-image":"","background-repeat":"repeat","background-position":"center center","background-size":"auto","background-attachment":"scroll","background-type":"","background-media":"","overlay-type":"","overlay-color":"","overlay-opacity":"","overlay-gradient":""}},"footnotes":""},"class_list":["post-36","page","type-page","status-publish","hentry"],"uagb_featured_image_src":{"full":false,"thumbnail":false,"medium":false,"medium_large":false,"large":false,"1536x1536":false,"2048x2048":false},"uagb_author_info":{"display_name":"ivandelors","author_link":"https:\/\/hedonalgea.fr\/?author=1"},"uagb_comment_info":0,"uagb_excerpt":"Aux pieds d&rsquo;H\u00e9dona \u2014 Carnet de soumission Quand j&rsquo;ai crois\u00e9 pour la premi\u00e8re fois le regard de Madame H\u00e9dona, j&rsquo;ignorais [&hellip;]","_links":{"self":[{"href":"https:\/\/hedonalgea.fr\/index.php?rest_route=\/wp\/v2\/pages\/36","targetHints":{"allow":["GET"]}}],"collection":[{"href":"https:\/\/hedonalgea.fr\/index.php?rest_route=\/wp\/v2\/pages"}],"about":[{"href":"https:\/\/hedonalgea.fr\/index.php?rest_route=\/wp\/v2\/types\/page"}],"author":[{"embeddable":true,"href":"https:\/\/hedonalgea.fr\/index.php?rest_route=\/wp\/v2\/users\/1"}],"replies":[{"embeddable":true,"href":"https:\/\/hedonalgea.fr\/index.php?rest_route=%2Fwp%2Fv2%2Fcomments&post=36"}],"version-history":[{"count":3,"href":"https:\/\/hedonalgea.fr\/index.php?rest_route=\/wp\/v2\/pages\/36\/revisions"}],"predecessor-version":[{"id":62,"href":"https:\/\/hedonalgea.fr\/index.php?rest_route=\/wp\/v2\/pages\/36\/revisions\/62"}],"wp:attachment":[{"href":"https:\/\/hedonalgea.fr\/index.php?rest_route=%2Fwp%2Fv2%2Fmedia&parent=36"}],"curies":[{"name":"wp","href":"https:\/\/api.w.org\/{rel}","templated":true}]}}